{"id":895,"date":"2020-06-14T12:33:22","date_gmt":"2020-06-14T12:33:22","guid":{"rendered":"https:\/\/www.hobbybrauen.eu\/?page_id=895"},"modified":"2020-06-14T14:13:59","modified_gmt":"2020-06-14T14:13:59","slug":"hbeupollsarchive","status":"publish","type":"page","link":"https:\/\/www.hobbybrauen.eu\/en\/hbeupollsarchive\/","title":{"rendered":"Pollsarchive"},"content":{"rendered":"<div class=\"wp-polls wp-polls-archive\">\n<p style=\"text-align: center\"><strong>Wie hast Du Dein \"Brauwissen\"erlangt?<\/strong><\/p><div id=\"polls-12-ans\" class=\"wp-polls-ans\"><ul class=\"wp-polls-ul\"><li>Aus dem Internet, Foren, etc. angelesen <small>(45%, 74 Votes)<\/small><div class=\"pollbar\" style=\"width: 41%\" title=\"Aus dem Internet, Foren, etc. angelesen (45% | 74 Votes)\"><\/div><\/li><li>Durch Lesen geeigneter Literatur <small>(32%, 52 Votes)<\/small><div class=\"pollbar\" style=\"width: 29%\" title=\"Durch Lesen geeigneter Literatur (32% | 52 Votes)\"><\/div><\/li><li>Ich habe einen oder mehrere Braukurs(e) besucht <small>(9%, 14 Votes)<\/small><div class=\"pollbar\" style=\"width: 8%\" title=\"Ich habe einen oder mehrere Braukurs(e) besucht (9% | 14 Votes)\"><\/div><\/li><li>Bei einem erfahrenen Hobbybrauer gelernt <small>(7%, 12 Votes)<\/small><div class=\"pollbar\" style=\"width: 6%\" title=\"Bei einem erfahrenen Hobbybrauer gelernt (7% | 12 Votes)\"><\/div><\/li><li>Sonstige Quellen <small>(4%, 7 Votes)<\/small><div class=\"pollbar\" style=\"width: 4%\" title=\"Sonstige Quellen (4% | 7 Votes)\"><\/div><\/li><li>Habe beruflich mit Brauen zu tun <small>(2%, 4 Votes)<\/small><div class=\"pollbar\" style=\"width: 2%\" title=\"Habe beruflich mit Brauen zu tun (2% | 4 Votes)\"><\/div><\/li><\/ul><p style=\"text-align: center\">Total Voters: <strong>86<\/strong><\/p><\/div><p>Start Date: June 14, 2020 @ 12:11 pm<br \/>End Date: No Expiry<\/p><p style=\"text-align: center\"><strong>Wo braust Du?<\/strong><\/p><div id=\"polls-11-ans\" class=\"wp-polls-ans\"><ul class=\"wp-polls-ul\"><li>Ich braue in der Wohnung (z.B. K\u00fcche) <small>(43%, 37 Votes)<\/small><div class=\"pollbar\" style=\"width: 39%\" title=\"Ich braue in der Wohnung (z.B. K\u00fcche) (43% | 37 Votes)\"><\/div><\/li><li>Ich braue im \"normalen\" Keller <small>(18%, 16 Votes)<\/small><div class=\"pollbar\" style=\"width: 16%\" title=\"Ich braue im &quot;normalen&quot; Keller (18% | 16 Votes)\"><\/div><\/li><li>Ich habe einen eigenen Brauraum \/ G\u00e4rkeller \/ K\u00fchlhaus <small>(16%, 14 Votes)<\/small><div class=\"pollbar\" style=\"width: 14%\" title=\"Ich habe einen eigenen Brauraum \/ G\u00e4rkeller \/ K\u00fchlhaus (16% | 14 Votes)\"><\/div><\/li><li>Sonstige R\u00e4umlichkeiten <small>(13%, 11 Votes)<\/small><div class=\"pollbar\" style=\"width: 12%\" title=\"Sonstige R\u00e4umlichkeiten (13% | 11 Votes)\"><\/div><\/li><li>Ich braue im Freien (z.B. Garten, Balkon, Terrasse) <small>(10%, 9 Votes)<\/small><div class=\"pollbar\" style=\"width: 9%\" title=\"Ich braue im Freien (z.B. Garten, Balkon, Terrasse) (10% | 9 Votes)\"><\/div><\/li><\/ul><p style=\"text-align: center\">Total Voters: <strong>87<\/strong><\/p><\/div><p>Start Date: June 14, 2020 @ 12:03 pm<br \/>End Date: No Expiry<\/p><p style=\"text-align: center\"><strong>Was f\u00fcr eine Brauanlage hast Du?<\/strong><\/p><div id=\"polls-10-ans\" class=\"wp-polls-ans\"><ul class=\"wp-polls-ul\"><li>Ich verwende einzelne Komponenten, aber alle gekauft <small>(36%, 31 Votes)<\/small><div class=\"pollbar\" style=\"width: 32%\" title=\"Ich verwende einzelne Komponenten, aber alle gekauft (36% | 31 Votes)\"><\/div><\/li><li>Ich habe meine Brauanlage weitestgehend selbst gebaut <small>(28%, 24 Votes)<\/small><div class=\"pollbar\" style=\"width: 25%\" title=\"Ich habe meine Brauanlage weitestgehend selbst gebaut (28% | 24 Votes)\"><\/div><\/li><li>Ich verwende einen Brauautomat <small>(17%, 15 Votes)<\/small><div class=\"pollbar\" style=\"width: 15%\" title=\"Ich verwende einen Brauautomat (17% | 15 Votes)\"><\/div><\/li><li>Das meiste gekauft, ein paar Dinge dazugebaut <small>(16%, 14 Votes)<\/small><div class=\"pollbar\" style=\"width: 14%\" title=\"Das meiste gekauft, ein paar Dinge dazugebaut (16% | 14 Votes)\"><\/div><\/li><li>Ich habe eine gebrauchte Brauanlage \u00fcbernommen <small>(3%, 3 Votes)<\/small><div class=\"pollbar\" style=\"width: 3%\" title=\"Ich habe eine gebrauchte Brauanlage \u00fcbernommen (3% | 3 Votes)\"><\/div><\/li><\/ul><p style=\"text-align: center\">Total Voters: <strong>87<\/strong><\/p><\/div><p>Start Date: June 14, 2020 @ 11:59 am<br \/>End Date: No Expiry<\/p><p style=\"text-align: center\"><strong>In was f\u00fcllst Du ab?<\/strong><\/p><div id=\"polls-8-ans\" class=\"wp-polls-ans\"><ul class=\"wp-polls-ul\"><li>In Flaschen mit B\u00fcgelverschluss <small>(48%, 42 Votes)<\/small><div class=\"pollbar\" style=\"width: 43%\" title=\"In Flaschen mit B\u00fcgelverschluss (48% | 42 Votes)\"><\/div><\/li><li>Mal so, mal so <small>(23%, 20 Votes)<\/small><div class=\"pollbar\" style=\"width: 21%\" title=\"Mal so, mal so (23% | 20 Votes)\"><\/div><\/li><li>In Flaschen mit Kronkorken <small>(18%, 16 Votes)<\/small><div class=\"pollbar\" style=\"width: 16%\" title=\"In Flaschen mit Kronkorken (18% | 16 Votes)\"><\/div><\/li><li>In F\u00e4sser <small>(11%, 9 Votes)<\/small><div class=\"pollbar\" style=\"width: 9%\" title=\"In F\u00e4sser (11% | 9 Votes)\"><\/div><\/li><\/ul><p style=\"text-align: center\">Total Voters: <strong>87<\/strong><\/p><\/div><p>Start Date: June 14, 2020 @ 11:40 am<br \/>End Date: No Expiry<\/p><p style=\"text-align: center\"><strong>Wieviele Liter braust Du pro Sud?<\/strong><\/p><div id=\"polls-7-ans\" class=\"wp-polls-ans\"><ul class=\"wp-polls-ul\"><li>10-25 Liter <small>(67%, 60 Votes)<\/small><div class=\"pollbar\" style=\"width: 60%\" title=\"10-25 Liter (67% | 60 Votes)\"><\/div><\/li><li>26-50 Liter <small>(21%, 19 Votes)<\/small><div class=\"pollbar\" style=\"width: 19%\" title=\"26-50 Liter (21% | 19 Votes)\"><\/div><\/li><li>51-100 Liter <small>(4%, 4 Votes)<\/small><div class=\"pollbar\" style=\"width: 4%\" title=\"51-100 Liter (4% | 4 Votes)\"><\/div><\/li><li>Mehr als 100 Liter <small>(3%, 3 Votes)<\/small><div class=\"pollbar\" style=\"width: 3%\" title=\"Mehr als 100 Liter (3% | 3 Votes)\"><\/div><\/li><li>Weniger als 10 Liter <small>(3%, 3 Votes)<\/small><div class=\"pollbar\" style=\"width: 3%\" title=\"Weniger als 10 Liter (3% | 3 Votes)\"><\/div><\/li><\/ul><p style=\"text-align: center\">Total Voters: <strong>86<\/strong><\/p><\/div><p>Start Date: June 14, 2020 @ 11:29 am<br \/>End Date: No Expiry<\/p><p style=\"text-align: center\"><strong>Was sind die 5 wichtigsten Gr\u00fcnde, warum Du Dein Bier selbst braust?<\/strong><\/p><div id=\"polls-6-ans\" class=\"wp-polls-ans\"><ul class=\"wp-polls-ul\"><li>Weil's Spa\u00df macht - als hobbym\u00e4\u00dfiger Zeitvertreib <small>(19%, 71 Votes)<\/small><div class=\"pollbar\" style=\"width: 17%\" title=\"Weil&#039;s Spa\u00df macht - als hobbym\u00e4\u00dfiger Zeitvertreib (19% | 71 Votes)\"><\/div><\/li><li>Weil mich das \"Handwerk\" interessiert <small>(18%, 66 Votes)<\/small><div class=\"pollbar\" style=\"width: 16%\" title=\"Weil mich das &quot;Handwerk&quot; interessiert (18% | 66 Votes)\"><\/div><\/li><li>Schmeckt besser als gekauftes Bier <small>(16%, 57 Votes)<\/small><div class=\"pollbar\" style=\"width: 14%\" title=\"Schmeckt besser als gekauftes Bier (16% | 57 Votes)\"><\/div><\/li><li>Ich experimentiere gern <small>(15%, 56 Votes)<\/small><div class=\"pollbar\" style=\"width: 14%\" title=\"Ich experimentiere gern (15% | 56 Votes)\"><\/div><\/li><li>Mich interessiert die Theorie hinter dem Brauen <small>(11%, 42 Votes)<\/small><div class=\"pollbar\" style=\"width: 10%\" title=\"Mich interessiert die Theorie hinter dem Brauen (11% | 42 Votes)\"><\/div><\/li><li>Ich bastle gerne - Brauen und Basteln geh\u00f6ren zusammen <small>(10%, 38 Votes)<\/small><div class=\"pollbar\" style=\"width: 9%\" title=\"Ich bastle gerne - Brauen und Basteln geh\u00f6ren zusammen (10% | 38 Votes)\"><\/div><\/li><li>Wegen der Geselligkeit beim Brauen mit Freunden <small>(4%, 15 Votes)<\/small><div class=\"pollbar\" style=\"width: 4%\" title=\"Wegen der Geselligkeit beim Brauen mit Freunden (4% | 15 Votes)\"><\/div><\/li><li>Weil ich wissen m\u00f6chte, wo die Rohstoffe her sind <small>(3%, 10 Votes)<\/small><div class=\"pollbar\" style=\"width: 3%\" title=\"Weil ich wissen m\u00f6chte, wo die Rohstoffe her sind (3% | 10 Votes)\"><\/div><\/li><li>Habe durch das Brauen viele neue Bekanntschaften gemacht <small>(2%, 9 Votes)<\/small><div class=\"pollbar\" style=\"width: 2%\" title=\"Habe durch das Brauen viele neue Bekanntschaften gemacht (2% | 9 Votes)\"><\/div><\/li><li>Aus Kostengr\u00fcnden <small>(1%, 3 Votes)<\/small><div class=\"pollbar\" style=\"width: 1%\" title=\"Aus Kostengr\u00fcnden (1% | 3 Votes)\"><\/div><\/li><\/ul><p style=\"text-align: center\">Total Voters: <strong>93<\/strong><\/p><\/div><p>Start Date: June 14, 2020 @ 11:26 am<br \/>End Date: No Expiry<\/p><p style=\"text-align: center\"><strong>Welche Biere braust Du am Liebsten (3 Antworten m\u00f6glich)?<\/strong><\/p><div id=\"polls-5-ans\" class=\"wp-polls-ans\"><ul class=\"wp-polls-ul\"><li>Oberg\u00e4rige Biere <small>(31%, 58 Votes)<\/small><div class=\"pollbar\" style=\"width: 28%\" title=\"Oberg\u00e4rige Biere (31% | 58 Votes)\"><\/div><\/li><li>Helle Biere <small>(21%, 40 Votes)<\/small><div class=\"pollbar\" style=\"width: 19%\" title=\"Helle Biere (21% | 40 Votes)\"><\/div><\/li><li>Dunkle Biere <small>(17%, 32 Votes)<\/small><div class=\"pollbar\" style=\"width: 15%\" title=\"Dunkle Biere (17% | 32 Votes)\"><\/div><\/li><li>Unterg\u00e4rige Biere <small>(13%, 24 Votes)<\/small><div class=\"pollbar\" style=\"width: 12%\" title=\"Unterg\u00e4rige Biere (13% | 24 Votes)\"><\/div><\/li><li>\"Exotische\" Biere <small>(12%, 23 Votes)<\/small><div class=\"pollbar\" style=\"width: 11%\" title=\"&quot;Exotische&quot; Biere (12% | 23 Votes)\"><\/div><\/li><li>nur nach dem \"Reinheitsgebot\" <small>(6%, 11 Votes)<\/small><div class=\"pollbar\" style=\"width: 5%\" title=\"nur nach dem &quot;Reinheitsgebot&quot; (6% | 11 Votes)\"><\/div><\/li><\/ul><p style=\"text-align: center\">Total Voters: <strong>83<\/strong><\/p><\/div><p>Start Date: June 14, 2020 @ 11:24 am<br \/>End Date: No Expiry<\/p><p style=\"text-align: center\"><strong>Wie braust Du?<\/strong><\/p><div id=\"polls-4-ans\" class=\"wp-polls-ans\"><ul class=\"wp-polls-ul\"><li>Ich schrote und maische selbst (Maischebrauen) <small>(87%, 75 Votes)<\/small><div class=\"pollbar\" style=\"width: 78%\" title=\"Ich schrote und maische selbst (Maischebrauen) (87% | 75 Votes)\"><\/div><\/li><li>Mal so, mal so <small>(6%, 5 Votes)<\/small><div class=\"pollbar\" style=\"width: 5%\" title=\"Mal so, mal so (6% | 5 Votes)\"><\/div><\/li><li>Ich verwende fertige Bierkits <small>(5%, 4 Votes)<\/small><div class=\"pollbar\" style=\"width: 5%\" title=\"Ich verwende fertige Bierkits (5% | 4 Votes)\"><\/div><\/li><li>Ich braue mit Malzextrakt (Extraktbrauen) <small>(2%, 2 Votes)<\/small><div class=\"pollbar\" style=\"width: 2%\" title=\"Ich braue mit Malzextrakt (Extraktbrauen) (2% | 2 Votes)\"><\/div><\/li><\/ul><p style=\"text-align: center\">Total Voters: <strong>86<\/strong><\/p><\/div><p>Start Date: June 14, 2020 @ 11:23 am<br \/>End Date: No Expiry<\/p><p style=\"text-align: center\"><strong>Wie oft braust Du im Schnitt?<\/strong><\/p><div id=\"polls-3-ans\" class=\"wp-polls-ans\"><ul class=\"wp-polls-ul\"><li>1 x pro Monat <small>(44%, 38 Votes)<\/small><div class=\"pollbar\" style=\"width: 40%\" title=\"1 x pro Monat (44% | 38 Votes)\"><\/div><\/li><li>1 x pro Quartal <small>(42%, 36 Votes)<\/small><div class=\"pollbar\" style=\"width: 38%\" title=\"1 x pro Quartal (42% | 36 Votes)\"><\/div><\/li><li>Seltener als 1 x pro Quartal <small>(12%, 10 Votes)<\/small><div class=\"pollbar\" style=\"width: 11%\" title=\"Seltener als 1 x pro Quartal (12% | 10 Votes)\"><\/div><\/li><li>1 x pro Woche <small>(2%, 2 Votes)<\/small><div class=\"pollbar\" style=\"width: 2%\" title=\"1 x pro Woche (2% | 2 Votes)\"><\/div><\/li><li>H\u00e4ufiger als einmal pro Woche <small>(0%, 0 Votes)<\/small><div class=\"pollbar\" style=\"width: 1%\" title=\"H\u00e4ufiger als einmal pro Woche (0% | 0 Votes)\"><\/div><\/li><\/ul><p style=\"text-align: center\">Total Voters: <strong>86<\/strong><\/p><\/div><p>Start Date: June 14, 2020 @ 11:22 am<br \/>End Date: No Expiry<\/p><p style=\"text-align: center\"><strong>Seit wann bist Du Hobbybrauer?<\/strong><\/p><div id=\"polls-2-ans\" class=\"wp-polls-ans\"><ul class=\"wp-polls-ul\"><li>seit 1-5 Jahren <small>(44%, 40 Votes)<\/small><div class=\"pollbar\" style=\"width: 40%\" title=\"seit 1-5 Jahren (44% | 40 Votes)\"><\/div><\/li><li>Seit weniger als 1 Jahr <small>(30%, 27 Votes)<\/small><div class=\"pollbar\" style=\"width: 27%\" title=\"Seit weniger als 1 Jahr (30% | 27 Votes)\"><\/div><\/li><li>seit 6-10 Jahren <small>(14%, 13 Votes)<\/small><div class=\"pollbar\" style=\"width: 13%\" title=\"seit 6-10 Jahren (14% | 13 Votes)\"><\/div><\/li><li>L\u00e4nger als 10 Jahre <small>(7%, 6 Votes)<\/small><div class=\"pollbar\" style=\"width: 6%\" title=\"L\u00e4nger als 10 Jahre (7% | 6 Votes)\"><\/div><\/li><li>Bin noch kein Hobbybrauer, m\u00f6chte aber einer werden <small>(2%, 2 Votes)<\/small><div class=\"pollbar\" style=\"width: 2%\" title=\"Bin noch kein Hobbybrauer, m\u00f6chte aber einer werden (2% | 2 Votes)\"><\/div><\/li><li>Bin kein Hobbybrauer, interessiere mich aber f\u00fcr das Thema <small>(3%, 2 Votes)<\/small><div class=\"pollbar\" style=\"width: 2%\" title=\"Bin kein Hobbybrauer, interessiere mich aber f\u00fcr das Thema (3% | 2 Votes)\"><\/div><\/li><\/ul><p style=\"text-align: center\">Total Voters: <strong>90<\/strong><\/p><\/div><p>Start Date: June 14, 2020 @ 11:20 am<br \/>End Date: No Expiry<\/p><\/div>\n\n","protected":false},"excerpt":{"rendered":"","protected":false},"author":1,"featured_media":0,"parent":0,"menu_order":0,"comment_status":"closed","ping_status":"closed","template":"","meta":{"footnotes":""},"class_list":["post-895","page","type-page","status-publish","hentry"],"translation":{"provider":"WPGlobus","version":"3.0.2","language":"en","enabled_languages":["de","en"],"languages":{"de":{"title":true,"content":true,"excerpt":false},"en":{"title":false,"content":false,"excerpt":false}}},"yoast_head":"<!-- This site is optimized with the Yoast SEO plugin v27.5 - https:\/\/yoast.com\/product\/yoast-seo-wordpress\/ -->\n<title>Pollsarchive - Hobby brewing<\/title>\n<meta name=\"robots\" content=\"index, follow, max-snippet:-1, max-image-preview:large, max-video-preview:-1\" \/>\n<link rel=\"canonical\" href=\"https:\/\/www.hobbybrauen.eu\/hbeupollsarchive\/\" \/>\n<meta property=\"og:locale\" content=\"en_US\" \/>\n<meta property=\"og:type\" content=\"article\" \/>\n<meta property=\"og:title\" content=\"Pollsarchive - Hobby brewing\" \/>\n<meta property=\"og:url\" content=\"https:\/\/www.hobbybrauen.eu\/hbeupollsarchive\/\" \/>\n<meta property=\"og:site_name\" content=\"Hobby brewing\" \/>\n<meta property=\"article:modified_time\" content=\"2020-06-14T14:13:59+00:00\" \/>\n<meta name=\"twitter:card\" content=\"summary_large_image\" \/>\n<script type=\"application\/ld+json\" class=\"yoast-schema-graph\">{\"@context\":\"https:\\\/\\\/schema.org\",\"@graph\":[{\"@type\":\"WebPage\",\"@id\":\"https:\\\/\\\/www.hobbybrauen.eu\\\/hbeupollsarchive\\\/\",\"url\":\"https:\\\/\\\/www.hobbybrauen.eu\\\/hbeupollsarchive\\\/\",\"name\":\"Pollsarchive - Hobby brewing\",\"isPartOf\":{\"@id\":\"https:\\\/\\\/www.hobbybrauen.eu\\\/#website\"},\"datePublished\":\"2020-06-14T12:33:22+00:00\",\"dateModified\":\"2020-06-14T14:13:59+00:00\",\"description\":\"Hobby brewing Diese Homepage richtet sich an alle, die Interesse am Thema \u201eHobbybrauen\u201c haben und daf\u00fcr eine eigene Brauanlage bauen m\u00f6chten.\",\"breadcrumb\":{\"@id\":\"https:\\\/\\\/www.hobbybrauen.eu\\\/hbeupollsarchive\\\/#breadcrumb\"},\"inLanguage\":\"en-US\",\"potentialAction\":[{\"@type\":\"ReadAction\",\"target\":[\"https:\\\/\\\/www.hobbybrauen.eu\\\/hbeupollsarchive\\\/\"]}]},{\"@type\":\"BreadcrumbList\",\"@id\":\"https:\\\/\\\/www.hobbybrauen.eu\\\/hbeupollsarchive\\\/#breadcrumb\",\"itemListElement\":[{\"@type\":\"ListItem\",\"position\":1,\"name\":\"Startseite\",\"item\":\"https:\\\/\\\/www.hobbybrauen.eu\\\/\"},{\"@type\":\"ListItem\",\"position\":2,\"name\":\"Pollsarchive\"}]},{\"@type\":\"WebSite\",\"@id\":\"https:\\\/\\\/www.hobbybrauen.eu\\\/#website\",\"url\":\"https:\\\/\\\/www.hobbybrauen.eu\\\/\",\"name\":\"Hobby brewing\",\"description\":\"Probably the most beautiful way of making beer\",\"publisher\":{\"@id\":\"https:\\\/\\\/www.hobbybrauen.eu\\\/#\\\/schema\\\/person\\\/29313814d9a099954966609e81247485\"},\"potentialAction\":[{\"@type\":\"SearchAction\",\"target\":{\"@type\":\"EntryPoint\",\"urlTemplate\":\"https:\\\/\\\/www.hobbybrauen.eu\\\/?s={search_term_string}\"},\"query-input\":{\"@type\":\"PropertyValueSpecification\",\"valueRequired\":true,\"valueName\":\"search_term_string\"}}],\"inLanguage\":\"en-US\"},{\"@type\":[\"Person\",\"Organization\"],\"@id\":\"https:\\\/\\\/www.hobbybrauen.eu\\\/#\\\/schema\\\/person\\\/29313814d9a099954966609e81247485\",\"name\":\"Ralf\",\"image\":{\"@type\":\"ImageObject\",\"inLanguage\":\"en-US\",\"@id\":\"https:\\\/\\\/secure.gravatar.com\\\/avatar\\\/76e13c55434ffffb7e79fc79df01f7c26b3d185fae39b2bd8d806de9b654047b?s=96&d=mm&r=g\",\"url\":\"https:\\\/\\\/secure.gravatar.com\\\/avatar\\\/76e13c55434ffffb7e79fc79df01f7c26b3d185fae39b2bd8d806de9b654047b?s=96&d=mm&r=g\",\"contentUrl\":\"https:\\\/\\\/secure.gravatar.com\\\/avatar\\\/76e13c55434ffffb7e79fc79df01f7c26b3d185fae39b2bd8d806de9b654047b?s=96&d=mm&r=g\",\"caption\":\"Ralf\"},\"logo\":{\"@id\":\"https:\\\/\\\/secure.gravatar.com\\\/avatar\\\/76e13c55434ffffb7e79fc79df01f7c26b3d185fae39b2bd8d806de9b654047b?s=96&d=mm&r=g\"},\"sameAs\":[\"https:\\\/\\\/www.hobbybrauen.eu\"]}]}<\/script>\n<!-- \/ Yoast SEO plugin. -->","yoast_head_json":{"title":"Pollsarchive - Hobby brewing","robots":{"index":"index","follow":"follow","max-snippet":"max-snippet:-1","max-image-preview":"max-image-preview:large","max-video-preview":"max-video-preview:-1"},"canonical":"https:\/\/www.hobbybrauen.eu\/hbeupollsarchive\/","og_locale":"en_US","og_type":"article","og_title":"Pollsarchive - Hobby brewing","og_url":"https:\/\/www.hobbybrauen.eu\/hbeupollsarchive\/","og_site_name":"Hobby brewing","article_modified_time":"2020-06-14T14:13:59+00:00","twitter_card":"summary_large_image","schema":{"@context":"https:\/\/schema.org","@graph":[{"@type":"WebPage","@id":"https:\/\/www.hobbybrauen.eu\/hbeupollsarchive\/","url":"https:\/\/www.hobbybrauen.eu\/hbeupollsarchive\/","name":"Pollsarchive - Hobby brewing","isPartOf":{"@id":"https:\/\/www.hobbybrauen.eu\/#website"},"datePublished":"2020-06-14T12:33:22+00:00","dateModified":"2020-06-14T14:13:59+00:00","description":"Hobby brewing Diese Homepage richtet sich an alle, die Interesse am Thema \u201eHobbybrauen\u201c haben und daf\u00fcr eine eigene Brauanlage bauen m\u00f6chten.","breadcrumb":{"@id":"https:\/\/www.hobbybrauen.eu\/hbeupollsarchive\/#breadcrumb"},"inLanguage":"en-US","potentialAction":[{"@type":"ReadAction","target":["https:\/\/www.hobbybrauen.eu\/hbeupollsarchive\/"]}]},{"@type":"BreadcrumbList","@id":"https:\/\/www.hobbybrauen.eu\/hbeupollsarchive\/#breadcrumb","itemListElement":[{"@type":"ListItem","position":1,"name":"Startseite","item":"https:\/\/www.hobbybrauen.eu\/"},{"@type":"ListItem","position":2,"name":"Pollsarchive"}]},{"@type":"WebSite","@id":"https:\/\/www.hobbybrauen.eu\/#website","url":"https:\/\/www.hobbybrauen.eu\/","name":"Hobby brewing","description":"Probably the most beautiful way of making beer","publisher":{"@id":"https:\/\/www.hobbybrauen.eu\/#\/schema\/person\/29313814d9a099954966609e81247485"},"potentialAction":[{"@type":"SearchAction","target":{"@type":"EntryPoint","urlTemplate":"https:\/\/www.hobbybrauen.eu\/?s={search_term_string}"},"query-input":{"@type":"PropertyValueSpecification","valueRequired":true,"valueName":"search_term_string"}}],"inLanguage":"en-US"},{"@type":["Person","Organization"],"@id":"https:\/\/www.hobbybrauen.eu\/#\/schema\/person\/29313814d9a099954966609e81247485","name":"Ralf","image":{"@type":"ImageObject","inLanguage":"en-US","@id":"https:\/\/secure.gravatar.com\/avatar\/76e13c55434ffffb7e79fc79df01f7c26b3d185fae39b2bd8d806de9b654047b?s=96&d=mm&r=g","url":"https:\/\/secure.gravatar.com\/avatar\/76e13c55434ffffb7e79fc79df01f7c26b3d185fae39b2bd8d806de9b654047b?s=96&d=mm&r=g","contentUrl":"https:\/\/secure.gravatar.com\/avatar\/76e13c55434ffffb7e79fc79df01f7c26b3d185fae39b2bd8d806de9b654047b?s=96&d=mm&r=g","caption":"Ralf"},"logo":{"@id":"https:\/\/secure.gravatar.com\/avatar\/76e13c55434ffffb7e79fc79df01f7c26b3d185fae39b2bd8d806de9b654047b?s=96&d=mm&r=g"},"sameAs":["https:\/\/www.hobbybrauen.eu"]}]}},"_links":{"self":[{"href":"https:\/\/www.hobbybrauen.eu\/en\/wp-json\/wp\/v2\/pages\/895","targetHints":{"allow":["GET"]}}],"collection":[{"href":"https:\/\/www.hobbybrauen.eu\/en\/wp-json\/wp\/v2\/pages"}],"about":[{"href":"https:\/\/www.hobbybrauen.eu\/en\/wp-json\/wp\/v2\/types\/page"}],"author":[{"embeddable":true,"href":"https:\/\/www.hobbybrauen.eu\/en\/wp-json\/wp\/v2\/users\/1"}],"replies":[{"embeddable":true,"href":"https:\/\/www.hobbybrauen.eu\/en\/wp-json\/wp\/v2\/comments?post=895"}],"version-history":[{"count":3,"href":"https:\/\/www.hobbybrauen.eu\/en\/wp-json\/wp\/v2\/pages\/895\/revisions"}],"predecessor-version":[{"id":900,"href":"https:\/\/www.hobbybrauen.eu\/en\/wp-json\/wp\/v2\/pages\/895\/revisions\/900"}],"wp:attachment":[{"href":"https:\/\/www.hobbybrauen.eu\/en\/wp-json\/wp\/v2\/media?parent=895"}],"curies":[{"name":"wp","href":"https:\/\/api.w.org\/{rel}","templated":true}]}}